{"id":139,"date":"2016-08-13T19:27:37","date_gmt":"2016-08-13T17:27:37","guid":{"rendered":"http:\/\/192.168.0.15\/skadedyrservice\/?page_id=139"},"modified":"2017-01-07T20:36:34","modified_gmt":"2017-01-07T19:36:34","slug":"139-2","status":"publish","type":"page","link":"https:\/\/www.skadedyrservice.no\/?page_id=139","title":{"rendered":"Utstyr"},"content":{"rendered":"<h3 class=\"green\">Et utvalg av utstyr benyttet til kontroll med rotter og mus<\/h3>\n<table class=\"page-table\" border=\"0\" width=\"100%\" cellspacing=\"0\" cellpadding=\"0\">\n<tbody>\n<tr>\n<td align=\"left\" width=\"155\"><img loading=\"lazy\" decoding=\"async\" class=\"alignnone size-full wp-image-64\" src=\"wp-content\/uploads\/2016\/08\/1.jpg\" alt=\"1\" class=\"alignright size-full  width=\"150\" height=\"95\" \/><\/td>\n<td>Utvendig \u00e5testasjon i rustfritt st\u00e5l som l\u00e5ses med hengel\u00e5s. Av blant annet sikkerhets hensyn monteres den til vegg\/underlag.<\/td>\n<\/tr>\n<tr>\n<td align=\"left\" width=\"155\"><img loading=\"lazy\" decoding=\"async\" class=\"alignnone wp-image-65 size-full\" src=\"wp-content\/uploads\/2016\/08\/2.jpg\" alt=\"2\" width=\"150\" height=\"95\" \/><\/td>\n<td>Stor innvendig l\u00e5sbar \u00e5testasjon for sikker utplassering der andre dyr eller barn ferdes. Benyttes til bekjempelse av rotter og mus.<\/td>\n<\/tr>\n<tr>\n<td align=\"left\" width=\"155\"><img loading=\"lazy\" decoding=\"async\" class=\"alignnone size-full wp-image-66\" src=\"wp-content\/uploads\/2016\/08\/3.jpg\" alt=\"3\" width=\"150\" height=\"95\" \/><\/td>\n<td>Liten l\u00e5sbar \u00e5testasjon mot mus.<\/td>\n<\/tr>\n<tr>\n<td align=\"left\" width=\"155\"><img loading=\"lazy\" decoding=\"async\" class=\"alignnone size-full wp-image-67\" src=\"wp-content\/uploads\/2016\/08\/4.jpg\" alt=\"4\" width=\"150\" height=\"95\" class=\"alignright size-full wp-image-67\" \/><\/a><\/td>\n<td>Til bekjempelse av gnagere benytter vi i hovedsak pasta\u00e5te for \u00e5 redusere faren for spill og hamstring.<\/td>\n<\/tr>\n<\/tbody>\n<\/table>\n<h3 class=\"green\">To eksempler p\u00e5 produkter til tetting mot gnagere<\/h3>\n<table class=\"page-table\" border=\"0\" width=\"100%\">\n<tbody>\n<tr>\n<td align=\"left\" width=\"155\"><img loading=\"lazy\" decoding=\"async\" class=\"alignnone size-full wp-image-68\" src=\"wp-content\/uploads\/2016\/08\/5.jpg\" alt=\"5\" width=\"150\" height=\"95\" \/><\/td>\n<td>Mousestop benyttes blant annet for \u00e5 tette rundt r\u00f8rf\u00f8ringer og sprekker slik at gnagere ikke kommer inn.<\/td>\n<\/tr>\n<tr>\n<td align=\"left\" width=\"155\"><img loading=\"lazy\" decoding=\"async\" class=\"alignnone size-full wp-image-69\" src=\"wp-content\/uploads\/2016\/08\/6.jpg\" alt=\"6\" width=\"150\" height=\"95\" \/><\/td>\n<td>B\u00f8rstelist kan tette blant annet gliper i rulleporter og d\u00f8rer.<\/td>\n<\/tr>\n<\/tbody>\n<\/table>\n<h3 class=\"green\">Utstyr til sporing av krypende insekt og m\u00f8ll<\/h3>\n<table class=\"page-table\" border=\"0\" width=\"100%\">\n<tbody>\n<tr>\n<td align=\"left\" width=\"155\"><img loading=\"lazy\" decoding=\"async\" class=\"alignnone size-full wp-image-70\" src=\"wp-content\/uploads\/2016\/08\/7.jpg\" alt=\"7\" width=\"150\" height=\"95\" \/><\/td>\n<td>Insektdetektorer med limplate innsatt med lokkemiddel, brukes til sporing av krypende insekt.<\/td>\n<\/tr>\n<tr>\n<td align=\"left\" width=\"155\"><img loading=\"lazy\" decoding=\"async\" class=\"alignnone size-full wp-image-71\" src=\"wp-content\/uploads\/2016\/08\/8.jpg\" alt=\"8\" width=\"150\" height=\"95\" \/><\/td>\n<td>M\u00f8lldetektor med ferromonkapsel i lokket. Tiltrekker seg m\u00f8ll som blir samlet i oppsamlingsbeholderen.<\/td>\n<\/tr>\n<\/tbody>\n<\/table>\n<h3 class=\"green\">Fluefangere med limfilm<\/h3>\n<table class=\"page-table\" border=\"0\" width=\"100%\">\n<tbody>\n<tr>\n<td align=\"left\" width=\"155\"><img loading=\"lazy\" decoding=\"async\" class=\"alignnone size-full wp-image-72\" src=\"wp-content\/uploads\/2016\/08\/9.jpg\" alt=\"9\" width=\"150\" height=\"95\" \/><\/td>\n<td>er en veggmontert fluefanger med<br \/>\n3 stk. 15 W UV &#8211; lysr\u00f8r.<\/td>\n<\/tr>\n<tr>\n<td align=\"left\" width=\"155\"><img loading=\"lazy\" decoding=\"async\" class=\"alignnone size-full wp-image-74\" src=\"wp-content\/uploads\/2016\/08\/11.jpg\" alt=\"11\" width=\"150\" height=\"95\" \/><\/td>\n<td>VIPER Fluefanger en en fritthengende fluefanger i rustfritt st\u00e5l og har IP verdi som gj\u00f8r den egnet til fuktige milj\u00f8.<\/p>\n<p>Viper har 2 stk.15 W UV &#8211; lysr\u00f8r.<\/td>\n<\/tr>\n<tr>\n<td align=\"left\" width=\"155\"><img loading=\"lazy\" decoding=\"async\" class=\"alignnone size-full wp-image-73\" src=\"wp-content\/uploads\/2016\/08\/10.jpg\" alt=\"10\" width=\"150\" height=\"95\" \/><\/td>\n<td>VIPER II Fluefanger er en fritthengende fluefanger med<\/p>\n<p>2 stk. 15 W UV &#8211; lysr\u00f8r.<\/td>\n<\/tr>\n<\/tbody>\n<\/table>\n","protected":false},"excerpt":{"rendered":"<p>Et utvalg av utstyr benyttet til kontroll med rotter og mus<\/p>\n","protected":false},"author":1,"featured_media":0,"parent":0,"menu_order":0,"comment_status":"closed","ping_status":"closed","template":"","meta":{"footnotes":""},"class_list":["post-139","page","type-page","status-publish"],"_links":{"self":[{"href":"https:\/\/www.skadedyrservice.no\/index.php?rest_route=\/wp\/v2\/pages\/139","targetHints":{"allow":["GET"]}}],"collection":[{"href":"https:\/\/www.skadedyrservice.no\/index.php?rest_route=\/wp\/v2\/pages"}],"about":[{"href":"https:\/\/www.skadedyrservice.no\/index.php?rest_route=\/wp\/v2\/types\/page"}],"author":[{"embeddable":true,"href":"https:\/\/www.skadedyrservice.no\/index.php?rest_route=\/wp\/v2\/users\/1"}],"replies":[{"embeddable":true,"href":"https:\/\/www.skadedyrservice.no\/index.php?rest_route=%2Fwp%2Fv2%2Fcomments&post=139"}],"version-history":[{"count":5,"href":"https:\/\/www.skadedyrservice.no\/index.php?rest_route=\/wp\/v2\/pages\/139\/revisions"}],"predecessor-version":[{"id":270,"href":"https:\/\/www.skadedyrservice.no\/index.php?rest_route=\/wp\/v2\/pages\/139\/revisions\/270"}],"wp:attachment":[{"href":"https:\/\/www.skadedyrservice.no\/index.php?rest_route=%2Fwp%2Fv2%2Fmedia&parent=139"}],"curies":[{"name":"wp","href":"https:\/\/api.w.org\/{rel}","templated":true}]}}