{"id":152,"date":"2016-08-13T19:57:09","date_gmt":"2016-08-13T17:57:09","guid":{"rendered":"http:\/\/192.168.0.15\/skadedyrservice\/?page_id=152"},"modified":"2017-01-07T20:44:57","modified_gmt":"2017-01-07T19:44:57","slug":"tjenester","status":"publish","type":"page","link":"https:\/\/www.skadedyrservice.no\/?page_id=152","title":{"rendered":"Tjenester"},"content":{"rendered":"<h3>Tjenester<\/h3>\n<p><strong class=\"skdyr\">Skadedyrservice AS<\/strong> utf\u00f8rer enkeltoppdrag og serviceavtaler.<\/p>\n<p><strong>Enkeltoppdrag<\/strong> benyttes i hovedsak n\u00e5r v\u00e5r kunde har ett problem som l\u00f8ses med en til to behandlinger innen en gitt tidsperiode.<br \/>\n<strong>Serviceavtaler<\/strong> inng\u00e5s der det er n\u00f8dvendig med ett fast bekjempelsesprogram eller bedrifter som trenger dokumentasjon i henhold til IK-Mat forskriftene.<\/p>\n<p><strong class=\"skdyr\">Skadedyrservice AS<\/strong> sine serviceavtaler benyttes b\u00e5de til \u00e5 gi forebyggende dokumentasjon samt spesifikke bekjempelssestiltak. Serviceavtalene tilpasses den enkeltes behov.<\/p>\n<p><strong class=\"skdyr\">Skadedyrservice AS<\/strong> hjelper med f\u00f8lgende:<br \/>\n<img loading=\"lazy\" decoding=\"async\" class=\"alignright size-full wp-image-80\" src=\"wp-content\/uploads\/2016\/08\/insekter.jpg\" alt=\"insekter\" width=\"259\" height=\"231\" \/><\/p>\n<ul class=\"indent\">\n<li>Rotter og mus<\/li>\n<li>Insekter i matvarer<\/li>\n<li>Trespisende insekter<\/li>\n<li>Maur<\/li>\n<li>Veps<\/li>\n<li>Sikring av bygg mot fugler<\/li>\n<li>Leie\/salg av fluefangere<\/li>\n<li>Desinfisering<\/li>\n<li>Tetting av bygg mot gnagere<\/li>\n<li>Identifisering av skadedyr<\/li>\n<li>Milj\u00f8vennlige metoder<\/li>\n<\/ul>\n","protected":false},"excerpt":{"rendered":"<p>Tjenester Skadedyrservice AS utf\u00f8rer enkeltoppdrag og serviceavtaler. Enkeltoppdrag benyttes i hovedsak n\u00e5r v\u00e5r kunde har ett problem som l\u00f8ses med en til to behandlinger innen en gitt tidsperiode. Serviceavtaler inng\u00e5s der det er n\u00f8dvendig med ett fast bekjempelsesprogram eller bedrifter som trenger dokumentasjon i henhold til IK-Mat forskriftene. Skadedyrservice AS sine serviceavtaler benyttes b\u00e5de til &#8230; <a title=\"Tjenester\" class=\"read-more\" href=\"https:\/\/www.skadedyrservice.no\/?page_id=152\" aria-label=\"Read more about Tjenester\">Les mer<\/a><\/p>\n","protected":false},"author":1,"featured_media":0,"parent":0,"menu_order":0,"comment_status":"closed","ping_status":"closed","template":"","meta":{"footnotes":""},"class_list":["post-152","page","type-page","status-publish"],"_links":{"self":[{"href":"https:\/\/www.skadedyrservice.no\/index.php?rest_route=\/wp\/v2\/pages\/152","targetHints":{"allow":["GET"]}}],"collection":[{"href":"https:\/\/www.skadedyrservice.no\/index.php?rest_route=\/wp\/v2\/pages"}],"about":[{"href":"https:\/\/www.skadedyrservice.no\/index.php?rest_route=\/wp\/v2\/types\/page"}],"author":[{"embeddable":true,"href":"https:\/\/www.skadedyrservice.no\/index.php?rest_route=\/wp\/v2\/users\/1"}],"replies":[{"embeddable":true,"href":"https:\/\/www.skadedyrservice.no\/index.php?rest_route=%2Fwp%2Fv2%2Fcomments&post=152"}],"version-history":[{"count":5,"href":"https:\/\/www.skadedyrservice.no\/index.php?rest_route=\/wp\/v2\/pages\/152\/revisions"}],"predecessor-version":[{"id":271,"href":"https:\/\/www.skadedyrservice.no\/index.php?rest_route=\/wp\/v2\/pages\/152\/revisions\/271"}],"wp:attachment":[{"href":"https:\/\/www.skadedyrservice.no\/index.php?rest_route=%2Fwp%2Fv2%2Fmedia&parent=152"}],"curies":[{"name":"wp","href":"https:\/\/api.w.org\/{rel}","templated":true}]}}