{"id":161,"date":"2016-08-13T20:19:11","date_gmt":"2016-08-13T18:19:11","guid":{"rendered":"http:\/\/192.168.0.15\/skadedyrservice\/?page_id=161"},"modified":"2016-08-16T22:46:32","modified_gmt":"2016-08-16T20:46:32","slug":"om-oss","status":"publish","type":"page","link":"https:\/\/www.skadedyrservice.no\/?page_id=161","title":{"rendered":"Om oss"},"content":{"rendered":"<p><strong class=\"skdyr\">Skadedyrservice AS<\/strong> arbeider i hovedsak i Bergen og omegn, men har faste kunder i hele <strong>Hordaland.<\/strong><\/p>\n<p><strong class=\"skdyr\">Skadedyrservice AS<\/strong> \u00f8nsker \u00e5 v\u00e6re et lokalt alternativ, s\u00e5 vi kan ha rask utrykning til v\u00e5re faste evt. nye kunder.<\/p>\n<p><strong class=\"skdyr\">Skadedyrservice AS<\/strong> legger stor vekt p\u00e5 at v\u00e5re medarbeidere skal ha h\u00f8y faglig kompetanse, v\u00e6re diskr\u00e9 og korrekt i sin opptreden n\u00e5r arbeidet utf\u00f8res.<\/p>\n<p><strong class=\"skdyr\">Skadedyrservice AS<\/strong> har valgt \u00e5 ikke ha reklame p\u00e5 sine biler, som ledd i en diskr\u00e9 profilering.<\/p>\n<p><strong class=\"skdyr\">Skadedyrservice AS<\/strong> benytter Europas ledende leverand\u00f8rer av utstyr og preparater til skadedyr kontroll. Noe som gj\u00f8r at vi til en hver tid har best egnet utstyr og preparat tilgjengelig for v\u00e5re kunder.<\/p>\n<p>All dokumentasjon er i henhold til IK-mat forskriftene.<\/p>\n<p><img loading=\"lazy\" decoding=\"async\" src=\"wp-content\/uploads\/2016\/08\/skadedyrservice-300x141.jpg\" alt=\"skadedyrservice\" width=\"300\" height=\"141\" \/><\/p>\n<p>Naturlige samarbeidspartnere er:<\/p>\n<ul>\n<li>Alle som h\u00e5ndterer mat profesjonelt<\/li>\n<li>Bedrifter<\/li>\n<li>Private<\/li>\n<li>Stat\/kommune<\/li>\n<li>Borettslag<\/li>\n<li>Institusjoner<\/li>\n<\/ul>\n","protected":false},"excerpt":{"rendered":"<p>Skadedyrservice AS arbeider i hovedsak i Bergen og omegn, men har faste kunder i hele Hordaland. Skadedyrservice AS \u00f8nsker \u00e5 v\u00e6re et lokalt alternativ, s\u00e5 vi kan ha rask utrykning til v\u00e5re faste evt. nye kunder. Skadedyrservice AS legger stor vekt p\u00e5 at v\u00e5re medarbeidere skal ha h\u00f8y faglig kompetanse, v\u00e6re diskr\u00e9 og korrekt i &#8230; <a title=\"Om oss\" class=\"read-more\" href=\"https:\/\/www.skadedyrservice.no\/?page_id=161\" aria-label=\"Read more about Om oss\">Les mer<\/a><\/p>\n","protected":false},"author":1,"featured_media":0,"parent":0,"menu_order":0,"comment_status":"closed","ping_status":"closed","template":"","meta":{"footnotes":""},"class_list":["post-161","page","type-page","status-publish"],"_links":{"self":[{"href":"https:\/\/www.skadedyrservice.no\/index.php?rest_route=\/wp\/v2\/pages\/161","targetHints":{"allow":["GET"]}}],"collection":[{"href":"https:\/\/www.skadedyrservice.no\/index.php?rest_route=\/wp\/v2\/pages"}],"about":[{"href":"https:\/\/www.skadedyrservice.no\/index.php?rest_route=\/wp\/v2\/types\/page"}],"author":[{"embeddable":true,"href":"https:\/\/www.skadedyrservice.no\/index.php?rest_route=\/wp\/v2\/users\/1"}],"replies":[{"embeddable":true,"href":"https:\/\/www.skadedyrservice.no\/index.php?rest_route=%2Fwp%2Fv2%2Fcomments&post=161"}],"version-history":[{"count":4,"href":"https:\/\/www.skadedyrservice.no\/index.php?rest_route=\/wp\/v2\/pages\/161\/revisions"}],"predecessor-version":[{"id":187,"href":"https:\/\/www.skadedyrservice.no\/index.php?rest_route=\/wp\/v2\/pages\/161\/revisions\/187"}],"wp:attachment":[{"href":"https:\/\/www.skadedyrservice.no\/index.php?rest_route=%2Fwp%2Fv2%2Fmedia&parent=161"}],"curies":[{"name":"wp","href":"https:\/\/api.w.org\/{rel}","templated":true}]}}