{"id":206,"date":"2016-08-17T20:28:23","date_gmt":"2016-08-17T18:28:23","guid":{"rendered":"http:\/\/192.168.0.15\/skadedyrservice\/?page_id=206"},"modified":"2022-07-30T04:05:03","modified_gmt":"2022-07-30T02:05:03","slug":"hms","status":"publish","type":"page","link":"https:\/\/www.skadedyrservice.no\/?page_id=206","title":{"rendered":"HMS"},"content":{"rendered":"<p><strong class=\"skdyr\">Skadedyrservice AS<\/strong> har et sterkt fokus p\u00e5 HMS.\u00a0 Som en f\u00f8lge av dette har vi publisert datablad over de kjemiske stoffene som vi bruker.<\/p>\n<p>V\u00e5re kunder skal til enhver tid v\u00e6re sikre p\u00e5 at <strong class=\"skdyr\">Skadedyrservice AS<\/strong> har riktige kemikalier og produkter tilgjengelig for \u00e5 l\u00f8se utfordringene med minst mulig fare for helse og milj\u00f8.<\/p>\n<p>Skulle produkter utg\u00e5 fra v\u00e5rt sortiment vil vi allikevel ha tilgjengelige datablad for kjemikalier benyttet de siste \u00e5r.<\/p>\n<p>Skulle det v\u00e6re noe som er uklart vedr\u00f8rende v\u00e5re produkter eller HMS datablad ber vi om at vi blir kontaktet p\u00e5 v\u00e5r telefon nr. 90 23 28 00.<\/p>\n<div class=\"align-right\">Vi har publisert dokumentene som pdf filer.<br \/>\nAdobe Reader laster du ned fra <a title=\"Adobe Reader\" href=\"http:\/\/www.adobe.com\/no\/products\/reader.html\">Adobe.<\/a><\/div>\n<hr \/>\n<ul class=\"display-posts-listing\"><li class=\"listing-item\"><a class=\"title\" href=\"https:\/\/www.skadedyrservice.no\/?p=281\">Advion Ant Gel<\/a><div class=\"content\"><p style=\"padding-left: 30px;\">Last Ned Pdf fil:\u00a0\u00a0\u00a0\u00a0\u00a0 <a href=\"https:\/\/www.skadedyrservice.no\/wp-content\/uploads\/2022\/05\/Advion-Ant-Gel-2022-05.pdf\" target=\"Aquapy\" rel=\"noopener\">Advion Ant Gel<\/a><\/p>\n<\/div><\/li><li class=\"listing-item\"><a class=\"title\" href=\"https:\/\/www.skadedyrservice.no\/?p=285\">Advion Cockroach Gel<\/a><div class=\"content\"><p style=\"padding-left: 30px;\">Last Ned Pdf fil:\u00a0\u00a0\u00a0\u00a0\u00a0 <a href=\"https:\/\/www.skadedyrservice.no\/wp-content\/uploads\/2022\/05\/Advion-Cockroach-Gel-2022-05.pdf\" target=\"Aquapy\" rel=\"noopener\">Advion Cockroach Gel<\/a><\/p>\n<\/div><\/li><li class=\"listing-item\"><a class=\"title\" href=\"https:\/\/www.skadedyrservice.no\/?p=12\">AF Insektmonitor<\/a><div class=\"content\"><p style=\"padding-left: 30px;\">Last Ned Pdf fil:&nbsp;&nbsp;&nbsp;&nbsp;&nbsp;&nbsp;<a href=\"wp-content\/uploads\/2016\/08\/AF_Insektmonitor.pdf\">AF Insektmonitor<\/a><\/p>\n<\/div><\/li><li class=\"listing-item\"><a class=\"title\" href=\"https:\/\/www.skadedyrservice.no\/?p=31\">Aquapy<\/a><div class=\"content\"><p style=\"padding-left: 30px;\">Last Ned Pdf fil:\u00a0\u00a0\u00a0\u00a0\u00a0\u00a0<a href=\"wp-content\/uploads\/2016\/08\/aquapy_2014.pdf\" target=\"Aquapy\">Aquapy<\/a><\/p>\n<\/div><\/li><li class=\"listing-item\"><a class=\"title\" href=\"https:\/\/www.skadedyrservice.no\/?p=9\">Demand CS<\/a><div class=\"content\"><p style=\"padding-left: 30px\">Last Ned Pdf fil:&nbsp;&nbsp;&nbsp;&nbsp;&nbsp;&nbsp;<a href=\"wp-content\/uploads\/2016\/08\/Demand_CS.pdf\">Demand CS<\/a><\/p>\n<\/div><\/li><li class=\"listing-item\"><a class=\"title\" href=\"https:\/\/www.skadedyrservice.no\/?p=11\">Drax gel<\/a><div class=\"content\"><p style=\"padding-left: 30px;\">Last Ned Pdf fil:&nbsp;&nbsp;&nbsp;&nbsp;&nbsp;&nbsp;<a href=\"wp-content\/uploads\/2016\/08\/Drax_gel.pdf\">Drax gel<\/a><\/p>\n<\/div><\/li><li class=\"listing-item\"><a class=\"title\" href=\"https:\/\/www.skadedyrservice.no\/?p=13\">Fendona<\/a><div class=\"content\"><p style=\"padding-left: 30px;\">Last Ned Pdf fil:&nbsp;&nbsp;&nbsp;&nbsp;&nbsp;&nbsp;<a href=\"\/wp-content\/uploads\/2016\/08\/Fendona.pdf\">Fendona<\/a><\/p>\n<\/div><\/li><li class=\"listing-item\"><a class=\"title\" href=\"https:\/\/www.skadedyrservice.no\/?p=28\">Fendona 6SC<\/a><div class=\"content\"><p style=\"padding-left: 30px;\">Last Ned Pdf fil:&nbsp;&nbsp;&nbsp;&nbsp;&nbsp;&nbsp;<a href=\"wp-content\/uploads\/2016\/08\/fendona_6sc_2014.pdf\" target=\"Fendona 6SC\">Fendona 6SC<\/a><\/p>\n<\/div><\/li><li class=\"listing-item\"><a class=\"title\" href=\"https:\/\/www.skadedyrservice.no\/?p=27\">Ficam<\/a><div class=\"content\"><p style=\"padding-left: 30px;\">Last Ned Pdf fil:&nbsp;&nbsp;&nbsp;&nbsp;&nbsp;&nbsp;<a href=\"wp-content\/uploads\/2016\/08\/ficam_2014.pdf\" target=\"Ficam\">Ficam<\/a><\/p>\n<\/div><\/li><li class=\"listing-item\"><a class=\"title\" href=\"https:\/\/www.skadedyrservice.no\/?p=25\">Fruktfluefelle<\/a><div class=\"content\"><p style=\"padding-left: 30px;\">\u00a0Last Ned Pdf fil:&nbsp;&nbsp;&nbsp;&nbsp;&nbsp;&nbsp;<a href=\"wp-content\/uploads\/2016\/08\/fruktfluefelle.pdf\" target\"fruktfluefelle\">Fruktfluefelle<\/a><\/p>\n<\/div><\/li><li class=\"listing-item\"><a class=\"title\" href=\"https:\/\/www.skadedyrservice.no\/?p=29\">Gardentop Pasta NO<\/a><div class=\"content\"><p style=\"padding-left: 30px;\">Last Ned Pdf fil:&nbsp;&nbsp;&nbsp;&nbsp;&nbsp;&nbsp;<a href=\"wp-content\/uploads\/2016\/08\/gardentop_pasta_no_2014.pdf\" target=\"Gardentop Pasta NO\">Gardentop Pasta NO<\/a><\/p>\n<\/div><\/li><li class=\"listing-item\"><a class=\"title\" href=\"https:\/\/www.skadedyrservice.no\/?p=14\">Insectaban liquid<\/a><div class=\"content\"><p style=\"padding-left: 30px;\">Last Ned Pdf fil:&nbsp;&nbsp;&nbsp;&nbsp;&nbsp;&nbsp;<a href=\"wp-content\/uploads\/2016\/08\/Insectaban_liquid.pdf\">Insectaban liquid<\/a><\/p>\n<\/div><\/li><li class=\"listing-item\"><a class=\"title\" href=\"https:\/\/www.skadedyrservice.no\/?p=30\">K &#8211; Othrine<\/a><div class=\"content\"><p style=\"padding-left: 30px;\">Last Ned Pdf fil:&nbsp;&nbsp;&nbsp;&nbsp;&nbsp;&nbsp;<a href=\"wp-content\/uploads\/2016\/08\/k-othrine_2014.pdf\" target=\"K - Othrine\">K &#8211; Othrine<\/a><\/p>\n<\/div><\/li><li class=\"listing-item\"><a class=\"title\" href=\"https:\/\/www.skadedyrservice.no\/?p=17\">Maxforce<\/a><div class=\"content\"><p style=\"padding-left: 30px;\">Last Ned Pdf fil:&nbsp;&nbsp;&nbsp;&nbsp;&nbsp;&nbsp;<a href=\"wp-content\/uploads\/2016\/08\/Maxforce.pdf\">Maxforce<\/a><\/p>\n<\/div><\/li><li class=\"listing-item\"><a class=\"title\" href=\"https:\/\/www.skadedyrservice.no\/?p=22\">Maxforce Quantum<\/a><div class=\"content\"><p style=\"padding-left: 30px;\">\u00a0Last Ned Pdf fil:&nbsp;&nbsp;&nbsp;&nbsp;&nbsp;&nbsp;<a href=\"wp-content\/uploads\/2016\/08\/maxforce-quantum.pdf\">Maxforce Quantum<\/a><\/p>\n<\/div><\/li><li class=\"listing-item\"><a class=\"title\" href=\"https:\/\/www.skadedyrservice.no\/?p=23\">Maxforce White<\/a><div class=\"content\"><p style=\"padding-left: 30px;\">\u00a0Last Ned Pdf fil:&nbsp;&nbsp;&nbsp;&nbsp;&nbsp;&nbsp;<a href=\"wp-content\/uploads\/2016\/08\/hms-maxforce-white.pdf\">Maxforce White<\/a><\/p>\n<\/div><\/li><li class=\"listing-item\"><a class=\"title\" href=\"https:\/\/www.skadedyrservice.no\/?p=16\">Mousestop<\/a><div class=\"content\"><p style=\"padding-left: 30px;\">Last Ned Pdf fil:&nbsp;&nbsp;&nbsp;&nbsp;&nbsp;&nbsp;<a href=\"wp-content\/uploads\/2016\/08\/Mousestop.pdf\">Mousestop<\/a><\/p>\n<\/div><\/li><li class=\"listing-item\"><a class=\"title\" href=\"https:\/\/www.skadedyrservice.no\/?p=322\">Notrac Blox<\/a><div class=\"content\"><p style=\"padding-left: 30px;\">Last Ned Pdf fil:\u00a0\u00a0\u00a0 <a href=\"https:\/\/www.skadedyrservice.no\/wp-content\/uploads\/2024\/03\/NotracBlox.pdf\">Notrac Blox<\/a><\/p>\n<\/div><\/li><li class=\"listing-item\"><a class=\"title\" href=\"https:\/\/www.skadedyrservice.no\/?p=15\">Nylar 4 EW<\/a><div class=\"content\"><p style=\"padding-left: 30px;\">Last Ned Pdf fil:&nbsp;&nbsp;&nbsp;&nbsp;&nbsp;&nbsp;<a href=\"wp-content\/uploads\/2016\/08\/Nylar_4_EW.pdf\">Nylar 4 EW<\/a><\/p>\n<\/div><\/li><li class=\"listing-item\"><a class=\"title\" href=\"https:\/\/www.skadedyrservice.no\/?p=18\">Odour Remover Bag<\/a><div class=\"content\"><p style=\"padding-left: 30px;\">Last Ned Pdf fil:&nbsp;&nbsp;&nbsp;&nbsp;&nbsp;&nbsp;<a href=\"wp-content\/uploads\/2016\/08\/Odour_Remover_Bag.pdf\">Odour Remover Bag<\/a><\/p>\n<\/div><\/li><li class=\"listing-item\"><a class=\"title\" href=\"https:\/\/www.skadedyrservice.no\/?p=24\">Racumin Pasta<\/a><div class=\"content\"><p style=\"padding-left: 30px;\">\u00a0Last Ned Pdf fil:&nbsp;&nbsp;&nbsp;&nbsp;&nbsp;&nbsp;<a href=\"wp-content\/uploads\/2016\/08\/racumin-pasta.pdf\">Racumin Pasta<\/a><\/p>\n<\/div><\/li><li class=\"listing-item\"><a class=\"title\" href=\"https:\/\/www.skadedyrservice.no\/?p=19\">SAKARAT Wax BAIT<\/a><div class=\"content\"><p style=\"padding-left: 30px;\">Last Ned Pdf fil:&nbsp;&nbsp;&nbsp;&nbsp;&nbsp;&nbsp;<a href=\"wp-content\/uploads\/2016\/08\/SAKARAT_Wax_BAIT.pdf\">SAKARAT Wax BAIT<\/a><\/p>\n<\/div><\/li><li class=\"listing-item\"><a class=\"title\" href=\"https:\/\/www.skadedyrservice.no\/?p=349\">SDS Edialux FoR Bug Plus SV<\/a><div class=\"content\"><p style=\"padding-left: 30px;\">Last Ned Pdf fil:\u00a0\u00a0\u00a0 <a href=\"https:\/\/www.skadedyrservice.no\/wp-content\/uploads\/2024\/12\/SDS-Edialux-For-Bug-Plus-SV.pdf\">SDS Edialux FoR Bug Plus SV<\/a><\/p>\n<\/div><\/li><li class=\"listing-item\"><a class=\"title\" href=\"https:\/\/www.skadedyrservice.no\/?p=21\">Sorexa Gel<\/a><div class=\"content\"><p style=\"padding-left: 30px;\">\u00a0Last Ned Pdf fil:&nbsp;&nbsp;&nbsp;&nbsp;&nbsp;&nbsp;<a href=\"wp-content\/uploads\/2016\/08\/Sorexa_Gel_norsk.pdf\">Sorexa Gel<\/a><\/p>\n<\/div><\/li><li class=\"listing-item\"><a class=\"title\" href=\"https:\/\/www.skadedyrservice.no\/?p=26\">Tec 121<\/a><div class=\"content\"><p style=\"padding-left: 30px;\">Last Ned Pdf fil:&nbsp;&nbsp;&nbsp;&nbsp;&nbsp;&nbsp;<a href=\"wp-content\/uploads\/2016\/08\/effecta_tec_121.pdf\" target=\"Tec 121\">Tec 121<\/a><\/p>\n<\/div><\/li><li class=\"listing-item\"><a class=\"title\" href=\"https:\/\/www.skadedyrservice.no\/?p=20\">Tomcat Blox<\/a><div class=\"content\"><p style=\"padding-left: 30px;\">\u00a0Last Ned Pdf fil:&nbsp;&nbsp;&nbsp;&nbsp;&nbsp;&nbsp;<a href=\"wp-content\/uploads\/2016\/08\/Tomcat_Blox.pdf\">Tomcat Blox<\/a><\/p>\n<\/div><\/li><li class=\"listing-item\"><a class=\"title\" href=\"https:\/\/www.skadedyrservice.no\/?p=294\">Woodtox NO SDS HMS<\/a><div class=\"content\"><p style=\"padding-left: 30px;\">Last Ned Pdf fil:\u00a0\u00a0\u00a0\u00a0 <a href=\"https:\/\/www.skadedyrservice.no\/wp-content\/uploads\/2022\/07\/Woodtox-NO-SDS-HMSdatablad.pdf\">Woodtox NO SDS HMS<\/a><\/p>\n<\/div><\/li><\/ul>\n","protected":false},"excerpt":{"rendered":"<p>Skadedyrservice AS har et sterkt fokus p\u00e5 HMS.\u00a0 Som en f\u00f8lge av dette har vi publisert datablad over de kjemiske stoffene som vi bruker. V\u00e5re kunder skal til enhver tid v\u00e6re sikre p\u00e5 at Skadedyrservice AS har riktige kemikalier og produkter tilgjengelig for \u00e5 l\u00f8se utfordringene med minst mulig fare for helse og milj\u00f8. Skulle &#8230; <a title=\"Woodtox NO SDS HMS\" class=\"read-more\" href=\"https:\/\/www.skadedyrservice.no\/?p=294\" aria-label=\"Read more about Woodtox NO SDS HMS\">Les mer<\/a><\/p>\n","protected":false},"author":1,"featured_media":0,"parent":0,"menu_order":0,"comment_status":"closed","ping_status":"closed","template":"","meta":{"footnotes":""},"class_list":["post-206","page","type-page","status-publish","hentry"],"_links":{"self":[{"href":"https:\/\/www.skadedyrservice.no\/index.php?rest_route=\/wp\/v2\/pages\/206","targetHints":{"allow":["GET"]}}],"collection":[{"href":"https:\/\/www.skadedyrservice.no\/index.php?rest_route=\/wp\/v2\/pages"}],"about":[{"href":"https:\/\/www.skadedyrservice.no\/index.php?rest_route=\/wp\/v2\/types\/page"}],"author":[{"embeddable":true,"href":"https:\/\/www.skadedyrservice.no\/index.php?rest_route=\/wp\/v2\/users\/1"}],"replies":[{"embeddable":true,"href":"https:\/\/www.skadedyrservice.no\/index.php?rest_route=%2Fwp%2Fv2%2Fcomments&post=206"}],"version-history":[{"count":7,"href":"https:\/\/www.skadedyrservice.no\/index.php?rest_route=\/wp\/v2\/pages\/206\/revisions"}],"predecessor-version":[{"id":298,"href":"https:\/\/www.skadedyrservice.no\/index.php?rest_route=\/wp\/v2\/pages\/206\/revisions\/298"}],"wp:attachment":[{"href":"https:\/\/www.skadedyrservice.no\/index.php?rest_route=%2Fwp%2Fv2%2Fmedia&parent=206"}],"curies":[{"name":"wp","href":"https:\/\/api.w.org\/{rel}","templated":true}]}}